{"id":115,"date":"2014-08-29T11:13:44","date_gmt":"2014-08-29T11:13:44","guid":{"rendered":"http:\/\/llyn.co.uk\/llyn\/?page_id=115"},"modified":"2014-09-01T09:51:54","modified_gmt":"2014-09-01T09:51:54","slug":"pecynnur-profiad","status":"publish","type":"page","link":"http:\/\/llyn.co.uk\/llyn\/?page_id=115","title":{"rendered":"Pecynnu&#8217;r Profiad"},"content":{"rendered":"<p>Mae\u2019r rhan fwyaf o\u2019r gwaith cychwynnol o sefydlu a threfnu gweithgareddau\u2019r Ganolfan wedi digwydd oherwydd ymroddiad gwirfoddolwyr. Mewn cyfarfod arbennig o Gyfeillion Llyn gyda gwahoddedigion y penderfynwyd ceisio am nawdd gan Pecynnu\u2019r Profiad i ddatblygu\u2019r gwaith ymhellach. Cyflwynwyd cais i gronfa Pecynnu\u2019r Profiad i hyrwyddo Ll\u0177n fel un o gadarnleoedd y Gymraeg, lle mae hanes yr iaith a\u2019r genedl yn rhan annatod o\u2019r tirwedd a\u2019r tirlun hardd ac sydd yn lle delfrydol i siaradwyr a dysgwyr y Gymraeg dd\u0175ad ar eu gwyliau.<\/p>\n<p>Dyma gychwyn ar y gwaith o baratoi ar gyfer ymestyn croeso Cymraeg i ymwelwyr yr ardal, drwy wneud y Gymraeg yn fwy clywadwy a gweladwy gan hefyd godi ymwybyddiaeth y bobl leol o\u2019r angen a\u2019r gwerth mewn gwneud hyn.<\/p>\n<p>Cymdeithas Pen y graig fu\u2019n gyfrifol am gychwyn y gwaith yn Llangwnnadl fel cynllun peilot i gael ei weithredu\u2019n ehangach wedyn. Cynhaliwyd cyfarfodydd ac ymgynghoriad cyhoeddus yn y Ganolfan, er mwyn blaenoriaethu cynlluniau. Drwy ymroddiad gwirfoddolwyr o\u2019r gymuned llwyddwyd i gynnal g\u0175yl yn 2013 ac mae hanes yr ardal a&#8217;r iaith wedi ei gyflwyno\u2019n ddwyieithog mewn pamffled, bwrdd gwybodaeth a gwefan sydd yn cynnwys map a thaith gerdded efo defnydd newydd o dechnoleg i drosglwyddo gwybodaeth. Yn ystod yr ymgynghoriad cyhoeddus daeth i\u2019r amlwg fod y mewnfudwyr wedi bathu\u2019r enw \u2018Honey Pot Lane\u201d ar L\u00f4n Cil Llidiart a phenderfynwyd gosod arwyddion Cymraeg ar y lonydd, sydd yn eu lle erbyn hyn, sef L\u00f4n Cil Llidiart, L\u00f4n T\u0177 Bach, L\u00f4n yr Eglwys a L\u00f4n Borth. Mae mwyafrif y busnesau hefyd wedi gosod arwyddion Cymraeg neu ddwyieithog gyda\u2019r Gymraeg yn amlwg.<\/p>\n<p>Y gwaith yma sydd wedi arwain at gydweithio pellach efo Cyngor Tref Nefyn, Casgliad y Werin a\u2019r Comisiwn Brenhinol ar gynllun arloesol sydd eto yn cyfuno hen hanes a thechnoleg fodern.<\/p>\n<p style=\"text-align: center;\"><strong>Gwyliau Cymraeg<\/strong><\/p>\n<p style=\"text-align: center;\"><a href=\"http:\/\/llyn.co.uk\/llyn\/wp-content\/uploads\/2014\/08\/dawns.jpg\"><img loading=\"lazy\" class=\"alignnone size-medium wp-image-162\" src=\"http:\/\/llyn.co.uk\/llyn\/wp-content\/uploads\/2014\/08\/dawns-300x111.jpg\" alt=\"dawns\" width=\"300\" height=\"111\" srcset=\"http:\/\/llyn.co.uk\/llyn\/wp-content\/uploads\/2014\/08\/dawns-300x111.jpg 300w, http:\/\/llyn.co.uk\/llyn\/wp-content\/uploads\/2014\/08\/dawns-1024x380.jpg 1024w, http:\/\/llyn.co.uk\/llyn\/wp-content\/uploads\/2014\/08\/dawns.jpg 1323w\" sizes=\"(max-width: 300px) 100vw, 300px\" \/><\/a><\/p>\n<p style=\"text-align: center;\"><strong>Enwaur Lonydd<\/strong><\/p>\n<p style=\"text-align: center;\"><a href=\"http:\/\/llyn.co.uk\/llyn\/wp-content\/uploads\/2014\/08\/llidiart.jpg\"><img loading=\"lazy\" class=\"alignnone size-medium wp-image-155\" src=\"http:\/\/llyn.co.uk\/llyn\/wp-content\/uploads\/2014\/08\/llidiart-300x100.jpg\" alt=\"llidiart\" width=\"300\" height=\"100\" srcset=\"http:\/\/llyn.co.uk\/llyn\/wp-content\/uploads\/2014\/08\/llidiart-300x100.jpg 300w, http:\/\/llyn.co.uk\/llyn\/wp-content\/uploads\/2014\/08\/llidiart-1024x341.jpg 1024w, http:\/\/llyn.co.uk\/llyn\/wp-content\/uploads\/2014\/08\/llidiart.jpg 1405w\" sizes=\"(max-width: 300px) 100vw, 300px\" \/><\/a><\/p>\n<p style=\"text-align: center;\"><strong>Arwyddion Busnesau\u00a0<\/strong><\/p>\n<p style=\"text-align: center;\"><a href=\"http:\/\/llyn.co.uk\/llyn\/wp-content\/uploads\/2014\/08\/arwydd3.jpg\"><img loading=\"lazy\" class=\"alignnone size-medium wp-image-160\" src=\"http:\/\/llyn.co.uk\/llyn\/wp-content\/uploads\/2014\/08\/arwydd3-300x106.jpg\" alt=\"arwydd3\" width=\"300\" height=\"106\" srcset=\"http:\/\/llyn.co.uk\/llyn\/wp-content\/uploads\/2014\/08\/arwydd3-300x106.jpg 300w, http:\/\/llyn.co.uk\/llyn\/wp-content\/uploads\/2014\/08\/arwydd3-1024x364.jpg 1024w, http:\/\/llyn.co.uk\/llyn\/wp-content\/uploads\/2014\/08\/arwydd3.jpg 1200w\" sizes=\"(max-width: 300px) 100vw, 300px\" \/><\/a><\/p>\n<p style=\"text-align: center;\"><strong>Bwrdd\u00a0Gwybodaeth<\/strong><\/p>\n<p style=\"text-align: center;\"><a href=\"http:\/\/llyn.co.uk\/llyn\/wp-content\/uploads\/2014\/08\/hysbys.jpg\"><img loading=\"lazy\" class=\"alignnone size-medium wp-image-189\" src=\"http:\/\/llyn.co.uk\/llyn\/wp-content\/uploads\/2014\/08\/hysbys-300x141.jpg\" alt=\"hysbys\" width=\"300\" height=\"141\" srcset=\"http:\/\/llyn.co.uk\/llyn\/wp-content\/uploads\/2014\/08\/hysbys-300x141.jpg 300w, http:\/\/llyn.co.uk\/llyn\/wp-content\/uploads\/2014\/08\/hysbys-1024x484.jpg 1024w, http:\/\/llyn.co.uk\/llyn\/wp-content\/uploads\/2014\/08\/hysbys.jpg 1444w\" sizes=\"(max-width: 300px) 100vw, 300px\" \/><\/a><\/p>\n<p style=\"text-align: center;\"><strong>Pamffled<\/strong><\/p>\n<p style=\"text-align: center;\"><a href=\"http:\/\/llyn.co.uk\/llyn\/wp-content\/uploads\/2014\/08\/pamphlet.jpg\"><img loading=\"lazy\" class=\"alignnone size-medium wp-image-188\" src=\"http:\/\/llyn.co.uk\/llyn\/wp-content\/uploads\/2014\/08\/pamphlet-300x132.jpg\" alt=\"pamphlet\" width=\"300\" height=\"132\" srcset=\"http:\/\/llyn.co.uk\/llyn\/wp-content\/uploads\/2014\/08\/pamphlet-300x132.jpg 300w, http:\/\/llyn.co.uk\/llyn\/wp-content\/uploads\/2014\/08\/pamphlet-1024x452.jpg 1024w, http:\/\/llyn.co.uk\/llyn\/wp-content\/uploads\/2014\/08\/pamphlet.jpg 1444w\" sizes=\"(max-width: 300px) 100vw, 300px\" \/><\/a><\/p>\n<p style=\"text-align: center;\"><strong>Gwefan\u00a0<a href=\"http:\/\/llangwnnadl.org.uk\">Langwnnadl<\/a><\/strong><\/p>\n<p style=\"text-align: center;\"><a href=\"http:\/\/llyn.co.uk\/llyn\/wp-content\/uploads\/2014\/08\/llangwnnadl.org_-e1409356805966.jpg\"><img loading=\"lazy\" class=\"alignnone size-medium wp-image-158\" src=\"http:\/\/llyn.co.uk\/llyn\/wp-content\/uploads\/2014\/08\/llangwnnadl.org_-300x134.jpg\" alt=\"llangwnnadl.org\" width=\"300\" height=\"134\" \/><\/a><\/p>\n","protected":false},"excerpt":{"rendered":"<p>Mae\u2019r rhan fwyaf o\u2019r gwaith cychwynnol o sefydlu a threfnu gweithgareddau\u2019r Ganolfan wedi digwydd oherwydd ymroddiad gwirfoddolwyr. Mewn cyfarfod arbennig o Gyfeillion Llyn gyda gwahoddedigion y penderfynwyd ceisio am nawdd gan Pecynnu\u2019r Profiad i ddatblygu\u2019r gwaith ymhellach. Cyflwynwyd cais i gronfa Pecynnu\u2019r Profiad i hyrwyddo Ll\u0177n fel un o gadarnleoedd y Gymraeg, lle mae hanes [&hellip;]<\/p>\n","protected":false},"author":1,"featured_media":0,"parent":94,"menu_order":2,"comment_status":"closed","ping_status":"closed","template":"","meta":[],"_links":{"self":[{"href":"http:\/\/llyn.co.uk\/llyn\/index.php?rest_route=\/wp\/v2\/pages\/115"}],"collection":[{"href":"http:\/\/llyn.co.uk\/llyn\/index.php?rest_route=\/wp\/v2\/pages"}],"about":[{"href":"http:\/\/llyn.co.uk\/llyn\/index.php?rest_route=\/wp\/v2\/types\/page"}],"author":[{"embeddable":true,"href":"http:\/\/llyn.co.uk\/llyn\/index.php?rest_route=\/wp\/v2\/users\/1"}],"replies":[{"embeddable":true,"href":"http:\/\/llyn.co.uk\/llyn\/index.php?rest_route=%2Fwp%2Fv2%2Fcomments&post=115"}],"version-history":[{"count":6,"href":"http:\/\/llyn.co.uk\/llyn\/index.php?rest_route=\/wp\/v2\/pages\/115\/revisions"}],"predecessor-version":[{"id":282,"href":"http:\/\/llyn.co.uk\/llyn\/index.php?rest_route=\/wp\/v2\/pages\/115\/revisions\/282"}],"up":[{"embeddable":true,"href":"http:\/\/llyn.co.uk\/llyn\/index.php?rest_route=\/wp\/v2\/pages\/94"}],"wp:attachment":[{"href":"http:\/\/llyn.co.uk\/llyn\/index.php?rest_route=%2Fwp%2Fv2%2Fmedia&parent=115"}],"curies":[{"name":"wp","href":"https:\/\/api.w.org\/{rel}","templated":true}]}}